{"id":32,"date":"2018-10-25T14:00:07","date_gmt":"2018-10-25T14:00:07","guid":{"rendered":"http:\/\/icnlsp.org\/icnlsp2019\/?page_id=32"},"modified":"2021-10-02T20:16:17","modified_gmt":"2021-10-02T20:16:17","slug":"committee","status":"publish","type":"page","link":"http:\/\/icnlsp.org\/icnlsp2021\/committee\/","title":{"rendered":"COMMITTEE"},"content":{"rendered":"<p><strong><span style=\"font-size: 18pt; font-family: 'book antiqua', palatino, serif;\">General Chair<\/span><span style=\"font-size: 18pt; font-family: book antiqua,palatino,serif; color: #000000;\"><br \/>\n<\/span><\/strong><\/p>\n<p><span style=\"font-size: 12pt; font-family: book antiqua,palatino,serif; color: #000000;\"><a href=\"http:\/\/sites.google.com\/site\/mouradabbas9\"><span style=\"color: #000000;\">Dr. Mourad Abbas<\/span><\/a>\u00a0 \u00a0 \u00a0 \u00a0 \u00a0 \u00a0 \u00a0 \u00a0 \u00a0\u00a0<\/span><\/p>\n<p><strong><span style=\"font-size: 18pt; font-family: 'book antiqua', palatino, serif;\">Chair<\/span><\/strong><\/p>\n<p><span style=\"font-size: 12pt; font-family: book antiqua,palatino,serif; color: #000000;\"><a style=\"color: #000000;\" href=\"https:\/\/www.unitn.it\/\">Dr. Abed Alhakim Freihat<\/a><br \/>\n<\/span><\/p>\n<p><strong><span style=\"font-family: 'book antiqua', palatino, serif; font-size: 18pt;\">Publicity Chair<\/span><\/strong><\/p>\n<p><span style=\"font-family: 'book antiqua', palatino, serif; color: #000000;\">Dr. Mohamed Lichouri<\/span><\/p>\n<p><strong><span style=\"font-family: 'book antiqua', palatino, serif;\"><span style=\"font-size: 18pt;\">Program Committee<\/span><\/span><\/strong><\/p>\n<p><span style=\"font-family: 'book antiqua', palatino, serif; color: #000000;\"><a style=\"color: #000000;\" href=\"http:\/\/qcri.org\/\">Ahmed Abdelali<\/a>, QCRI, Qatar<\/span><br \/>\n<span style=\"font-family: 'book antiqua', palatino, serif; color: #000000;\"><a style=\"color: #000000;\" href=\"http:\/\/microsoft.com\/\">Mohamed Afify<\/a>, Microsoft, Egypt<\/span><br \/>\n<span style=\"font-family: 'book antiqua', palatino, serif; color: #000000;\"><a style=\"color: #000000;\" href=\"http:\/\/cdta.dz\/\">Messaoud Bengherabi<\/a>, CDTA, Algeria<\/span><br \/>\n<span style=\"font-family: 'book antiqua', palatino, serif; color: #000000;\"><a style=\"color: #000000;\" href=\"http:\/\/cdta.dz\/\">Djamel Bouchaffra<\/a>, CDTA, Algeria<\/span><br \/>\n<span style=\"font-family: 'book antiqua', palatino, serif; color: #000000;\">Fayssal Bouarourou, University of Strasbourg, France<\/span><br \/>\n<span style=\"font-family: 'book antiqua', palatino, serif; color: #000000;\">Markus Br\u00fcckl, TU Berlin, Germany<\/span><br \/>\n<span style=\"font-family: 'book antiqua', palatino, serif; color: #000000;\">Hadda Cherroun, Amar Telidji University, Algeria<\/span><br \/>\n<span style=\"font-family: 'book antiqua', palatino, serif; color: #000000;\">G\u00e9rard Chollet, CNRS, France<\/span><br \/>\n<span style=\"font-family: 'book antiqua', palatino, serif; color: #000000;\">Kareem Darwish, QCRI, Qatar<\/span><br \/>\n<span style=\"font-family: 'book antiqua', palatino, serif; color: #000000;\">Najim Dehak, Johns Hopkins University, USA<\/span><br \/>\n<span style=\"font-family: 'book antiqua', palatino, serif; color: #000000;\">Mohamed Elfeky, Google Inc., USA<\/span><br \/>\n<span style=\"font-family: 'book antiqua', palatino, serif; color: #000000;\">Ashraf Elnagar, University of Sharjah, UAE<\/span><br \/>\n<span style=\"font-family: 'book antiqua', palatino, serif; color: #000000;\"><a style=\"color: #000000;\" href=\"https:\/\/www.unitn.it\/\">Abed Alhakim Freihat<\/a>, University of Trento, Italy<\/span><br \/>\n<span style=\"font-family: 'book antiqua', palatino, serif; color: #000000;\">Nada Ghneim, Syrian Virtual University, Syria<\/span><br \/>\n<span style=\"font-family: 'book antiqua', palatino, serif; color: #000000;\">Neil Glackin, Intelligent Voice, UK<\/span><br \/>\n<span style=\"font-family: 'book antiqua', palatino, serif; color: #000000;\">Ahmed Guessoum, USTHB, Algeria<\/span><br \/>\n<span style=\"font-family: 'book antiqua', palatino, serif; color: #000000;\">Mahmoud Gzawi, university of Lyon 2, France<\/span><br \/>\n<span style=\"font-family: 'book antiqua', palatino, serif; color: #000000;\">Valia Kordoni, Humboldt University, Germany<\/span><br \/>\n<span style=\"font-family: 'book antiqua', palatino, serif; color: #000000;\">Tomi Kinnunen, University of Eastern Finland, Finland<\/span><br \/>\n<span style=\"font-family: 'book antiqua', palatino, serif; color: #000000;\">Eric Laporte, UPEM, France<\/span><br \/>\n<span style=\"font-family: 'book antiqua', palatino, serif; color: #000000;\">Shang-Wen Li, Facebook AI., USA<\/span><br \/>\n<span style=\"font-family: 'book antiqua', palatino, serif; color: #000000;\">Georges Linar\u00e8s, University of Avignon, France<\/span><br \/>\n<span style=\"font-family: 'book antiqua', palatino, serif; color: #000000;\">Shervin Malmasi, Harvard University, USA<\/span><br \/>\n<span style=\"font-family: 'book antiqua', palatino, serif; color: #000000;\">Lluis Marquez, Amazon, Spain\u00a0<\/span><br \/>\n<span style=\"color: #000000;\"><span style=\"font-family: 'book antiqua', palatino, serif;\">Mhamed Mataoui, EMP, Algeria<br \/>\nMohammed Mediani, University of Adrar, Algeria<\/span><span style=\"font-family: 'book antiqua', palatino, serif;\"><br \/>\n<\/span><span style=\"font-family: 'book antiqua', palatino, serif;\">Fatiha Merazka, USTHB, Algeria<br \/>\nHamdy Mubarak, QCRI, Qatar<br \/>\nPreslav Nakov, QCRI, Qatar<br \/>\nAlexis Neme, UPEM, France<br \/>\n<\/span><\/span><span style=\"font-family: book antiqua, palatino, serif; color: #000000;\">Axel Roebel, IRCAM, France<\/span><br \/>\n<span style=\"font-family: book antiqua, palatino, serif; color: #000000;\">Younes Samih, Universit\u00e4t D\u00fcsseldorf, Germany<\/span><br \/>\n<span style=\"font-family: 'book antiqua', palatino, serif; color: #000000;\">Hassan Satori, Sidi Mohammed Ben Abbdallah University, Morocco<\/span><br \/>\n<span style=\"font-family: 'book antiqua', palatino, serif; color: #000000;\">Tim Schlippe, Silicon Surfer, Germany<\/span><br \/>\n<span style=\"font-family: 'book antiqua', palatino, serif; color: #000000;\">Khaled Shaalan, The British University in Dubai, UAE<\/span><br \/>\n<span style=\"font-family: 'book antiqua', palatino, serif; color: #000000;\">Otakar Smrz, D\u017e\u00e1m-e D\u017eam Language Institute, Czech Republic<\/span><br \/>\n<span style=\"font-family: 'book antiqua', palatino, serif; color: #000000;\">Rudolph Sock, University of Strasbourg, France<\/span><br \/>\n<span style=\"font-family: 'book antiqua', palatino, serif; color: #000000;\">Irina Temnikova, QCRI, Qatar<\/span><br \/>\n<span style=\"font-family: 'book antiqua', palatino, serif; color: #000000;\">Jan Trmal, Johns Hopkins University, USA<\/span><br \/>\n<span style=\"font-family: 'book antiqua', palatino, serif; color: #000000;\">Stephan Vogel, QCRI, Qatar<\/span><br \/>\n<span style=\"font-family: 'book antiqua', palatino, serif; color: #000000;\">Fay\u00e7al Ykhlef, CDTA, Algeria<\/span><br \/>\n<span style=\"font-family: 'book antiqua', palatino, serif; color: #000000;\">Hasna Zaouali, University of Strasbourg, France<\/span><\/p>\n<p><strong><span style=\"font-size: 18pt; font-family: 'book antiqua', palatino, serif;\">Organizing Committee<\/span><\/strong><\/p>\n<p><span style=\"font-size: 12pt; font-family: book antiqua,palatino,serif; color: #000000;\">Gabor Bella, Univeristy of Trento<\/span><br \/>\n<span style=\"font-size: 12pt; font-family: book antiqua,palatino,serif; color: #000000;\">Hadi Khalilia, Univeristy of Trento<\/span><br \/>\n<span style=\"font-size: 12pt; font-family: book antiqua,palatino,serif; color: #000000;\">Nandu C Nair, Univeristy of Trento<\/span><span style=\"font-size: 12pt; font-family: book antiqua,palatino,serif; color: #000000;\"><br \/>\n<\/span><\/p>\n","protected":false},"excerpt":{"rendered":"<p>General Chair Dr. Mourad Abbas\u00a0 \u00a0 \u00a0 \u00a0 \u00a0 \u00a0 \u00a0 \u00a0 \u00a0\u00a0 Chair Dr. Abed Alhakim Freihat Publicity Chair Dr. Mohamed Lichouri Program Committee Ahmed Abdelali, QCRI, Qatar Mohamed Afify, Microsoft, Egypt Messaoud Bengherabi, CDTA, Algeria Djamel Bouchaffra, CDTA, Algeria Fayssal Bouarourou, University of Strasbourg, France Markus Br\u00fcckl, TU&#8230;<\/p>\n","protected":false},"author":1,"featured_media":0,"parent":0,"menu_order":0,"comment_status":"closed","ping_status":"closed","template":"","meta":[],"_links":{"self":[{"href":"http:\/\/icnlsp.org\/icnlsp2021\/wp-json\/wp\/v2\/pages\/32"}],"collection":[{"href":"http:\/\/icnlsp.org\/icnlsp2021\/wp-json\/wp\/v2\/pages"}],"about":[{"href":"http:\/\/icnlsp.org\/icnlsp2021\/wp-json\/wp\/v2\/types\/page"}],"author":[{"embeddable":true,"href":"http:\/\/icnlsp.org\/icnlsp2021\/wp-json\/wp\/v2\/users\/1"}],"replies":[{"embeddable":true,"href":"http:\/\/icnlsp.org\/icnlsp2021\/wp-json\/wp\/v2\/comments?post=32"}],"version-history":[{"count":55,"href":"http:\/\/icnlsp.org\/icnlsp2021\/wp-json\/wp\/v2\/pages\/32\/revisions"}],"predecessor-version":[{"id":577,"href":"http:\/\/icnlsp.org\/icnlsp2021\/wp-json\/wp\/v2\/pages\/32\/revisions\/577"}],"wp:attachment":[{"href":"http:\/\/icnlsp.org\/icnlsp2021\/wp-json\/wp\/v2\/media?parent=32"}],"curies":[{"name":"wp","href":"https:\/\/api.w.org\/{rel}","templated":true}]}}